{"id":4611,"date":"2023-09-23T16:15:30","date_gmt":"2023-09-23T14:15:30","guid":{"rendered":"https:\/\/www.vavpigan.se\/?post_type=product&#038;p=4611"},"modified":"2025-02-08T11:24:45","modified_gmt":"2025-02-08T10:24:45","slug":"vaska-9","status":"publish","type":"product","link":"https:\/\/www.vavpigan.se\/index.php\/produkt\/vaska-9\/","title":{"rendered":"V\u00e4ska"},"content":{"rendered":"","protected":false},"excerpt":{"rendered":"<p>V\u00e4ska i \u00e5tervunnen plast<\/p>\n","protected":false},"featured_media":4493,"comment_status":"closed","ping_status":"closed","template":"","meta":{"ngg_post_thumbnail":0},"product_brand":[],"product_cat":[81],"product_tag":[],"class_list":{"0":"post-4611","1":"product","2":"type-product","3":"status-publish","4":"has-post-thumbnail","6":"product_cat-vaskor-och-korgar","7":"product_shipping_class-paket-1kg","9":"first","10":"outofstock","11":"taxable","12":"shipping-taxable","13":"purchasable","14":"product-type-simple","15":"customify-col"},"_links":{"self":[{"href":"https:\/\/www.vavpigan.se\/index.php\/wp-json\/wp\/v2\/product\/4611","targetHints":{"allow":["GET"]}}],"collection":[{"href":"https:\/\/www.vavpigan.se\/index.php\/wp-json\/wp\/v2\/product"}],"about":[{"href":"https:\/\/www.vavpigan.se\/index.php\/wp-json\/wp\/v2\/types\/product"}],"replies":[{"embeddable":true,"href":"https:\/\/www.vavpigan.se\/index.php\/wp-json\/wp\/v2\/comments?post=4611"}],"wp:featuredmedia":[{"embeddable":true,"href":"https:\/\/www.vavpigan.se\/index.php\/wp-json\/wp\/v2\/media\/4493"}],"wp:attachment":[{"href":"https:\/\/www.vavpigan.se\/index.php\/wp-json\/wp\/v2\/media?parent=4611"}],"wp:term":[{"taxonomy":"product_brand","embeddable":true,"href":"https:\/\/www.vavpigan.se\/index.php\/wp-json\/wp\/v2\/product_brand?post=4611"},{"taxonomy":"product_cat","embeddable":true,"href":"https:\/\/www.vavpigan.se\/index.php\/wp-json\/wp\/v2\/product_cat?post=4611"},{"taxonomy":"product_tag","embeddable":true,"href":"https:\/\/www.vavpigan.se\/index.php\/wp-json\/wp\/v2\/product_tag?post=4611"}],"curies":[{"name":"wp","href":"https:\/\/api.w.org\/{rel}","templated":true}]}}