{"id":709,"date":"2018-11-01T19:03:25","date_gmt":"2018-11-01T18:03:25","guid":{"rendered":"https:\/\/www.vavpigan.se\/?page_id=709"},"modified":"2024-03-24T15:44:49","modified_gmt":"2024-03-24T14:44:49","slug":"kontakt","status":"publish","type":"page","link":"https:\/\/www.vavpigan.se\/index.php\/kontakt\/","title":{"rendered":"Kontakt"},"content":{"rendered":"<p>Jag v\u00e4ver mattor p\u00e5 best\u00e4llning. Vill du ha en enf\u00e4rgad matta eller en rutig eller randig, en smal en bred eller en klassisk matta?<br>Skicka ett mail till&nbsp;<a href=\"mailto:anna-karin@haggstrom.email\">anna-karin@haggstrom.email<\/a><br>Atelj\u00e9n \u00e4r \u00f6ppen vid behov, h\u00f6r av dig om du vill komma och titta.&nbsp;<\/p>\n\n\n<p>Atelj\u00e9n finns h\u00e4r.<\/p>\n\n\n\n<iframe src=\"https:\/\/www.google.com\/maps\/embed?pb=!1m18!1m12!1m3!1d2083.3484326841935!2d12.283528815805717!3d58.52232888138375!2m3!1f0!2f0!3f0!3m2!1i1024!2i768!4f13.1!3m3!1m2!1s0x4644e01bf12feb13%3A0x8c819378d7afa0dd!2zR1LDlk5FSMOWRyA0NjUsIDQ2NCA2NCBCcsOlbGFuZGE!5e0!3m2!1sen!2sse!4v1637672702241!5m2!1sen!2sse\" width=\"600\" height=\"450\" style=\"border:0;\" allowfullscreen=\"\" loading=\"lazy\"><\/iframe>\n\n\n\n<p><\/p>\n\n\n\n<p><\/p>\n","protected":false},"excerpt":{"rendered":"<p>Jag v\u00e4ver mattor p\u00e5 best\u00e4llning. Vill du ha en enf\u00e4rgad matta eller en rutig eller randig, en smal en bred eller en klassisk matta?Skicka ett&hellip;<\/p>\n","protected":false},"author":2,"featured_media":0,"parent":0,"menu_order":0,"comment_status":"closed","ping_status":"closed","template":"","meta":{"ngg_post_thumbnail":0,"footnotes":""},"class_list":["post-709","page","type-page","status-publish","hentry"],"_links":{"self":[{"href":"https:\/\/www.vavpigan.se\/index.php\/wp-json\/wp\/v2\/pages\/709","targetHints":{"allow":["GET"]}}],"collection":[{"href":"https:\/\/www.vavpigan.se\/index.php\/wp-json\/wp\/v2\/pages"}],"about":[{"href":"https:\/\/www.vavpigan.se\/index.php\/wp-json\/wp\/v2\/types\/page"}],"author":[{"embeddable":true,"href":"https:\/\/www.vavpigan.se\/index.php\/wp-json\/wp\/v2\/users\/2"}],"replies":[{"embeddable":true,"href":"https:\/\/www.vavpigan.se\/index.php\/wp-json\/wp\/v2\/comments?post=709"}],"version-history":[{"count":11,"href":"https:\/\/www.vavpigan.se\/index.php\/wp-json\/wp\/v2\/pages\/709\/revisions"}],"predecessor-version":[{"id":4734,"href":"https:\/\/www.vavpigan.se\/index.php\/wp-json\/wp\/v2\/pages\/709\/revisions\/4734"}],"wp:attachment":[{"href":"https:\/\/www.vavpigan.se\/index.php\/wp-json\/wp\/v2\/media?parent=709"}],"curies":[{"name":"wp","href":"https:\/\/api.w.org\/{rel}","templated":true}]}}