{"id":3921,"date":"2021-12-18T12:11:35","date_gmt":"2021-12-18T11:11:35","guid":{"rendered":"https:\/\/www.vavpigan.se\/?page_id=3921"},"modified":"2022-12-25T15:43:49","modified_gmt":"2022-12-25T14:43:49","slug":"atervinning","status":"publish","type":"page","link":"https:\/\/www.vavpigan.se\/index.php\/atervinning\/","title":{"rendered":"\u00c5tervinning"},"content":{"rendered":"\n<p>Av 11 vita t-shirtar som jag f\u00e4rgade blev den liten matta<\/p>\n\n\n\n<p><\/p>\n\n\n\n<figure class=\"wp-block-gallery has-nested-images columns-default is-cropped wp-block-gallery-1 is-layout-flex wp-block-gallery-is-layout-flex\">\n<figure class=\"wp-block-image size-large\"><img loading=\"lazy\" decoding=\"async\" width=\"600\" height=\"800\" data-id=\"3799\" src=\"https:\/\/www.vavpigan.se\/wp-content\/uploads\/2021\/03\/IMG_20210313_174515_copy_600x800.jpg\" alt=\"\" class=\"wp-image-3799\" srcset=\"https:\/\/www.vavpigan.se\/wp-content\/uploads\/2021\/03\/IMG_20210313_174515_copy_600x800.jpg 600w, https:\/\/www.vavpigan.se\/wp-content\/uploads\/2021\/03\/IMG_20210313_174515_copy_600x800-375x500.jpg 375w, https:\/\/www.vavpigan.se\/wp-content\/uploads\/2021\/03\/IMG_20210313_174515_copy_600x800-540x720.jpg 540w, https:\/\/www.vavpigan.se\/wp-content\/uploads\/2021\/03\/IMG_20210313_174515_copy_600x800-225x300.jpg 225w\" sizes=\"auto, (max-width: 600px) 100vw, 600px\" \/><\/figure>\n\n\n\n<figure class=\"wp-block-image size-large\"><img loading=\"lazy\" decoding=\"async\" width=\"600\" height=\"800\" data-id=\"3817\" src=\"https:\/\/www.vavpigan.se\/wp-content\/uploads\/2021\/06\/66x100_copy_600x800.jpg\" alt=\"\" class=\"wp-image-3817\" srcset=\"https:\/\/www.vavpigan.se\/wp-content\/uploads\/2021\/06\/66x100_copy_600x800.jpg 600w, https:\/\/www.vavpigan.se\/wp-content\/uploads\/2021\/06\/66x100_copy_600x800-375x500.jpg 375w, https:\/\/www.vavpigan.se\/wp-content\/uploads\/2021\/06\/66x100_copy_600x800-540x720.jpg 540w, https:\/\/www.vavpigan.se\/wp-content\/uploads\/2021\/06\/66x100_copy_600x800-225x300.jpg 225w\" sizes=\"auto, (max-width: 600px) 100vw, 600px\" \/><\/figure>\n<\/figure>\n\n\n\n<p>Av p\u00e5sar och emballage v\u00e4ver jag f\u00f6rvaringskorgar.<\/p>\n\n\n\n<div class=\"wp-block-cover\"><span aria-hidden=\"true\" class=\"wp-block-cover__background has-background-dim\"><\/span><img decoding=\"async\" class=\"wp-block-cover__image-background wp-image-3711\" alt=\"\" src=\"https:\/\/www.vavpigan.se\/wp-content\/uploads\/2021\/03\/IMG_20210304_122339_copy_600x800.jpg\" data-object-fit=\"cover\"\/><div class=\"wp-block-cover__inner-container is-layout-flow wp-block-cover-is-layout-flow\">\n<p class=\"has-large-font-size\"> <\/p>\n<\/div><\/div>\n\n\n\n<p><\/p>\n\n\n\n<p>V\u00e4vd av gamla jeans<\/p>\n\n\n\n<figure class=\"wp-block-image size-large is-resized\"><img loading=\"lazy\" decoding=\"async\" src=\"https:\/\/www.vavpigan.se\/wp-content\/uploads\/2022\/12\/IMG_20220629_184622_374-800x800.jpg\" alt=\"\" class=\"wp-image-4385\" width=\"292\" height=\"292\" srcset=\"https:\/\/www.vavpigan.se\/wp-content\/uploads\/2022\/12\/IMG_20220629_184622_374-800x800.jpg 800w, https:\/\/www.vavpigan.se\/wp-content\/uploads\/2022\/12\/IMG_20220629_184622_374-500x500.jpg 500w, https:\/\/www.vavpigan.se\/wp-content\/uploads\/2022\/12\/IMG_20220629_184622_374-750x750.jpg 750w, https:\/\/www.vavpigan.se\/wp-content\/uploads\/2022\/12\/IMG_20220629_184622_374-768x768.jpg 768w, https:\/\/www.vavpigan.se\/wp-content\/uploads\/2022\/12\/IMG_20220629_184622_374-1536x1536.jpg 1536w, https:\/\/www.vavpigan.se\/wp-content\/uploads\/2022\/12\/IMG_20220629_184622_374-540x540.jpg 540w, https:\/\/www.vavpigan.se\/wp-content\/uploads\/2022\/12\/IMG_20220629_184622_374-100x100.jpg 100w, https:\/\/www.vavpigan.se\/wp-content\/uploads\/2022\/12\/IMG_20220629_184622_374-150x150.jpg 150w, https:\/\/www.vavpigan.se\/wp-content\/uploads\/2022\/12\/IMG_20220629_184622_374-300x300.jpg 300w, https:\/\/www.vavpigan.se\/wp-content\/uploads\/2022\/12\/IMG_20220629_184622_374.jpg 1564w\" sizes=\"auto, (max-width: 292px) 100vw, 292px\" \/><\/figure>\n\n\n\n<p>Nyckelringar av jeanss\u00f6mmar<\/p>\n\n\n\n<figure class=\"wp-block-image size-full\"><img loading=\"lazy\" decoding=\"async\" width=\"290\" height=\"328\" src=\"https:\/\/www.vavpigan.se\/wp-content\/uploads\/2022\/07\/nyckelring.jpg\" alt=\"\" class=\"wp-image-4218\" srcset=\"https:\/\/www.vavpigan.se\/wp-content\/uploads\/2022\/07\/nyckelring.jpg 290w, https:\/\/www.vavpigan.se\/wp-content\/uploads\/2022\/07\/nyckelring-265x300.jpg 265w, https:\/\/www.vavpigan.se\/wp-content\/uploads\/2022\/07\/nyckelring-270x305.jpg 270w\" sizes=\"auto, (max-width: 290px) 100vw, 290px\" \/><\/figure>\n","protected":false},"excerpt":{"rendered":"<p>Av 11 vita t-shirtar som jag f\u00e4rgade blev den liten matta Av p\u00e5sar och emballage v\u00e4ver jag f\u00f6rvaringskorgar. V\u00e4vd av gamla jeans Nyckelringar av jeanss\u00f6mmar<\/p>\n","protected":false},"author":2,"featured_media":0,"parent":0,"menu_order":0,"comment_status":"closed","ping_status":"closed","template":"","meta":{"ngg_post_thumbnail":0,"footnotes":""},"class_list":["post-3921","page","type-page","status-publish","hentry"],"_links":{"self":[{"href":"https:\/\/www.vavpigan.se\/index.php\/wp-json\/wp\/v2\/pages\/3921","targetHints":{"allow":["GET"]}}],"collection":[{"href":"https:\/\/www.vavpigan.se\/index.php\/wp-json\/wp\/v2\/pages"}],"about":[{"href":"https:\/\/www.vavpigan.se\/index.php\/wp-json\/wp\/v2\/types\/page"}],"author":[{"embeddable":true,"href":"https:\/\/www.vavpigan.se\/index.php\/wp-json\/wp\/v2\/users\/2"}],"replies":[{"embeddable":true,"href":"https:\/\/www.vavpigan.se\/index.php\/wp-json\/wp\/v2\/comments?post=3921"}],"version-history":[{"count":12,"href":"https:\/\/www.vavpigan.se\/index.php\/wp-json\/wp\/v2\/pages\/3921\/revisions"}],"predecessor-version":[{"id":4386,"href":"https:\/\/www.vavpigan.se\/index.php\/wp-json\/wp\/v2\/pages\/3921\/revisions\/4386"}],"wp:attachment":[{"href":"https:\/\/www.vavpigan.se\/index.php\/wp-json\/wp\/v2\/media?parent=3921"}],"curies":[{"name":"wp","href":"https:\/\/api.w.org\/{rel}","templated":true}]}}