{"id":3870,"date":"2021-12-18T11:39:32","date_gmt":"2021-12-18T10:39:32","guid":{"rendered":"https:\/\/www.vavpigan.se\/?page_id=3870"},"modified":"2024-03-28T19:17:27","modified_gmt":"2024-03-28T18:17:27","slug":"sa-tar-du-hand-om-din-disktrasa","status":"publish","type":"page","link":"https:\/\/www.vavpigan.se\/index.php\/sa-tar-du-hand-om-din-disktrasa\/","title":{"rendered":"S\u00e5 tar du hand om din disktrasa"},"content":{"rendered":"\n<p><s><img loading=\"lazy\" decoding=\"async\" width=\"160\" height=\"120\" class=\"wp-image-3537\" style=\"width: 160px;\" src=\"https:\/\/www.vavpigan.se\/wp-content\/uploads\/2020\/04\/IMG_20200411_164908_copy_800x600.jpg\" alt=\"\" srcset=\"https:\/\/www.vavpigan.se\/wp-content\/uploads\/2020\/04\/IMG_20200411_164908_copy_800x600.jpg 800w, https:\/\/www.vavpigan.se\/wp-content\/uploads\/2020\/04\/IMG_20200411_164908_copy_800x600-540x405.jpg 540w, https:\/\/www.vavpigan.se\/wp-content\/uploads\/2020\/04\/IMG_20200411_164908_copy_800x600-768x576.jpg 768w, https:\/\/www.vavpigan.se\/wp-content\/uploads\/2020\/04\/IMG_20200411_164908_copy_800x600-270x203.jpg 270w, https:\/\/www.vavpigan.se\/wp-content\/uploads\/2020\/04\/IMG_20200411_164908_copy_800x600-300x225.jpg 300w, https:\/\/www.vavpigan.se\/wp-content\/uploads\/2020\/04\/IMG_20200411_164908_copy_800x600-600x450.jpg 600w\" sizes=\"auto, (max-width: 160px) 100vw, 160px\" \/><\/s> Disktrasorna tv\u00e4ttas i 60 grader. Den blir bara b\u00e4ttre och b\u00e4ttre ju fler g\u00e5nger du tv\u00e4ttar den. <\/p>\n\n\n\n<p>Efter att du torkat av med din trasa och sk\u00f6ljt ur den, sk\u00f6lj den i kallt vatten, s\u00e5 h\u00e5ller den sig fr\u00e4sch l\u00e4ngre.<\/p>\n","protected":false},"excerpt":{"rendered":"<p>Disktrasorna tv\u00e4ttas i 60 grader. Den blir bara b\u00e4ttre och b\u00e4ttre ju fler g\u00e5nger du tv\u00e4ttar den. Efter att du torkat av med din trasa&hellip;<\/p>\n","protected":false},"author":2,"featured_media":0,"parent":0,"menu_order":0,"comment_status":"closed","ping_status":"closed","template":"","meta":{"ngg_post_thumbnail":0,"footnotes":""},"class_list":["post-3870","page","type-page","status-publish","hentry"],"_links":{"self":[{"href":"https:\/\/www.vavpigan.se\/index.php\/wp-json\/wp\/v2\/pages\/3870","targetHints":{"allow":["GET"]}}],"collection":[{"href":"https:\/\/www.vavpigan.se\/index.php\/wp-json\/wp\/v2\/pages"}],"about":[{"href":"https:\/\/www.vavpigan.se\/index.php\/wp-json\/wp\/v2\/types\/page"}],"author":[{"embeddable":true,"href":"https:\/\/www.vavpigan.se\/index.php\/wp-json\/wp\/v2\/users\/2"}],"replies":[{"embeddable":true,"href":"https:\/\/www.vavpigan.se\/index.php\/wp-json\/wp\/v2\/comments?post=3870"}],"version-history":[{"count":5,"href":"https:\/\/www.vavpigan.se\/index.php\/wp-json\/wp\/v2\/pages\/3870\/revisions"}],"predecessor-version":[{"id":4962,"href":"https:\/\/www.vavpigan.se\/index.php\/wp-json\/wp\/v2\/pages\/3870\/revisions\/4962"}],"wp:attachment":[{"href":"https:\/\/www.vavpigan.se\/index.php\/wp-json\/wp\/v2\/media?parent=3870"}],"curies":[{"name":"wp","href":"https:\/\/api.w.org\/{rel}","templated":true}]}}