{"id":3868,"date":"2021-12-18T11:39:45","date_gmt":"2021-12-18T10:39:45","guid":{"rendered":"https:\/\/www.vavpigan.se\/?page_id=3868"},"modified":"2021-12-18T11:39:46","modified_gmt":"2021-12-18T10:39:46","slug":"sa-tar-du-hand-om-din-matta","status":"publish","type":"page","link":"https:\/\/www.vavpigan.se\/index.php\/sa-tar-du-hand-om-din-matta\/","title":{"rendered":"S\u00e5 tar du hand om din matta"},"content":{"rendered":"\n<p>1. En t\u00e4t matta st\u00f6ter bort mycket smuts, ofta r\u00e4cker det att skaka och v\u00e4dra den.<\/p>\n\n\n\n<p>2. En l\u00e4tt matta kan du tv\u00e4tta i tv\u00e4ttmaskinen p\u00e5 skontv\u00e4tt. H\u00e4ll lite vin\u00e4ger i sk\u00f6ljmedelsfacket s\u00e5 h\u00e5lls f\u00e4rgerna vackra. Centrifugera minsta m\u00f6jliga.<\/p>\n\n\n\n<p>3. En tung matta tv\u00e4ttas f\u00f6r hand. L\u00e4gg ut en ren presenning ute med plankor under ytterkanterna s\u00e5 att det bildas en f\u00f6rdjupning i mitten. L\u00e4gg i mattan, h\u00e4ll p\u00e5 s\u00e5pvatten och skura b\u00e4gge sidorna. Ta bort plankorna s\u00e5 att smutsvattnet rinner av och sk\u00f6lj med tr\u00e4dg\u00e5rdsslangen. Str\u00e4ck mattan ordentligt.<\/p>\n\n\n\n<p>Prova att tv\u00e4tta din matta i sn\u00f6n. Kolla sn\u00f6n f\u00f6rst. Den ska vara torr, finkornig och ren. Bl\u00f6t sn\u00f6 eller sn\u00f6 i klumpar g\u00f6r inte jobbet bra. L\u00e4gg ut mattan p\u00e5 sn\u00f6n och skotta sn\u00f6 \u00f6ver. L\u00e5t mattan ligga en liten stund innan du borstar bort sn\u00f6n ingen. Det handlar bara om minuter. Sn\u00f6n f\u00e5r inte b\u00f6rja sm\u00e4lta, d\u00e5 blir mattan bl\u00f6t. V\u00e4nd mattan, l\u00e4gg ut p\u00e5 en ny plats och g\u00f6r om proceduren igen. Om mattan \u00e4r riktigt dammig kan du piska den s\u00e5 att dammet sl\u00e5s ner i sn\u00f6n under, v\u00e4nd och g\u00f6r likadant p\u00e5 andra sidan. Skaka till sist av mattan s\u00e5 gott det g\u00e5r och ta in den.<\/p>\n\n\n\n<p>4. H\u00e4ng randiga mattor p\u00e5 tork i linjernas riktning s\u00e5 missf\u00e4rgas inte mattranden bredvid.<\/p>\n\n\n\n<p>5. Enstaka varptr\u00e5dar eller inslag som sl\u00e4pper mitt i mattan kan skarvas och tr\u00e4s i med en stor stoppn\u00e5l men om det blir ett rej\u00e4lt h\u00e5l \u00e4r det b\u00e4ttre att dra bort det trasiga och knyta en helt ny mattfrans.<\/p>\n\n\n\n<p>6. Man kan ers\u00e4tta fransen genom att kanta mattan med en remsa bomullstyg.<\/p>\n","protected":false},"excerpt":{"rendered":"<p>1. En t\u00e4t matta st\u00f6ter bort mycket smuts, ofta r\u00e4cker det att skaka och v\u00e4dra den. 2. En l\u00e4tt matta kan du tv\u00e4tta i tv\u00e4ttmaskinen&hellip;<\/p>\n","protected":false},"author":2,"featured_media":0,"parent":0,"menu_order":0,"comment_status":"closed","ping_status":"closed","template":"","meta":{"ngg_post_thumbnail":0,"footnotes":""},"class_list":["post-3868","page","type-page","status-publish","hentry"],"_links":{"self":[{"href":"https:\/\/www.vavpigan.se\/index.php\/wp-json\/wp\/v2\/pages\/3868","targetHints":{"allow":["GET"]}}],"collection":[{"href":"https:\/\/www.vavpigan.se\/index.php\/wp-json\/wp\/v2\/pages"}],"about":[{"href":"https:\/\/www.vavpigan.se\/index.php\/wp-json\/wp\/v2\/types\/page"}],"author":[{"embeddable":true,"href":"https:\/\/www.vavpigan.se\/index.php\/wp-json\/wp\/v2\/users\/2"}],"replies":[{"embeddable":true,"href":"https:\/\/www.vavpigan.se\/index.php\/wp-json\/wp\/v2\/comments?post=3868"}],"version-history":[{"count":1,"href":"https:\/\/www.vavpigan.se\/index.php\/wp-json\/wp\/v2\/pages\/3868\/revisions"}],"predecessor-version":[{"id":3869,"href":"https:\/\/www.vavpigan.se\/index.php\/wp-json\/wp\/v2\/pages\/3868\/revisions\/3869"}],"wp:attachment":[{"href":"https:\/\/www.vavpigan.se\/index.php\/wp-json\/wp\/v2\/media?parent=3868"}],"curies":[{"name":"wp","href":"https:\/\/api.w.org\/{rel}","templated":true}]}}