{"id":159,"date":"2017-07-31T10:27:43","date_gmt":"2017-07-31T08:27:43","guid":{"rendered":"https:\/\/vavpigan.se\/?page_id=159"},"modified":"2022-12-25T17:42:30","modified_gmt":"2022-12-25T16:42:30","slug":"om-vavpigan","status":"publish","type":"page","link":"https:\/\/www.vavpigan.se\/index.php\/om-vavpigan\/","title":{"rendered":"Om"},"content":{"rendered":"\n<p><\/p>\n\n\n\n<div class=\"wp-block-media-text alignwide is-stacked-on-mobile is-vertically-aligned-top\" style=\"grid-template-columns:40% auto\"><figure class=\"wp-block-media-text__media\"><img loading=\"lazy\" decoding=\"async\" width=\"800\" height=\"600\" src=\"https:\/\/www.vavpigan.se\/wp-content\/uploads\/2020\/11\/IMG_20200830_081101_copy_800x600.jpg\" alt=\"\" class=\"wp-image-3645 size-full\" srcset=\"https:\/\/www.vavpigan.se\/wp-content\/uploads\/2020\/11\/IMG_20200830_081101_copy_800x600.jpg 800w, https:\/\/www.vavpigan.se\/wp-content\/uploads\/2020\/11\/IMG_20200830_081101_copy_800x600-540x405.jpg 540w, https:\/\/www.vavpigan.se\/wp-content\/uploads\/2020\/11\/IMG_20200830_081101_copy_800x600-768x576.jpg 768w, https:\/\/www.vavpigan.se\/wp-content\/uploads\/2020\/11\/IMG_20200830_081101_copy_800x600-270x203.jpg 270w, https:\/\/www.vavpigan.se\/wp-content\/uploads\/2020\/11\/IMG_20200830_081101_copy_800x600-300x225.jpg 300w, https:\/\/www.vavpigan.se\/wp-content\/uploads\/2020\/11\/IMG_20200830_081101_copy_800x600-600x450.jpg 600w\" sizes=\"auto, (max-width: 800px) 100vw, 800px\" \/><\/figure><div class=\"wp-block-media-text__content\">\n<p>Jag b\u00f6rjade v\u00e4va 2012. Min mamma hade v\u00e4vt i n\u00e5gra \u00e5r men var tvungen att sluta pga sjukdom. V\u00e4vstolen stod med n\u00e5gra meter varp kvar och mamma fr\u00e5gade om jag skulle v\u00e4va en matta. Jag gjorde s\u00e5 och sedan dess \u00e4r jag fast. Nu st\u00e5r v\u00e4vstolen hemma hos mig och jag kan v\u00e4va n\u00e4r jag vill. Mamma l\u00e4mnade \u00e4ven en lite G\u00f6tav\u00e4vstol samt att jag \u00e4rvt en liten v\u00e4vstol efter min moster. Jag b\u00f6rjade p\u00e5 v\u00e4vkurs h\u00f6sten 2016 och gick sedan tre terminer. Beh\u00f6vde l\u00e4ra mig allt fr\u00e5n b\u00f6rjan, innan hade jag k\u00f6pt f\u00e4rdiga fl\u00e4tor och bara v\u00e4vt. Nu g\u00f6r jag allt sj\u00e4lv. Jag \u00e4r ocks\u00e5 tokig i nyckelpigor d\u00e4rav V\u00e4vpigan \ud83d\ude42 <\/p>\n<\/div><\/div>\n\n\n\n<p>I V\u00e4vpigans Galleri kan du se allt jag har v\u00e4vt. Vill du ha en matta eller varf\u00f6r inte en v\u00e4ska, kontakta mig s\u00e5 v\u00e4ver jag. <\/p>\n\n\n\n<p>Jag som sk\u00f6ter om V\u00e4vpigan heter Anna-Karin H\u00e4ggstr\u00f6m. I februari 2019 flyttade vi, min man och jag samt v\u00e5ra tv\u00e5 &#8221;raggisar&#8221; ut p\u00e5 landet, till Br\u00e5landa. Nu kan jag ocks\u00e5 \u00e4gna mig lite mer \u00e5t att odla, vilket ocks\u00e5 \u00e4r ett stort intresse. <\/p>\n\n\n\n<p>Under 2022 flyttade jag tillf\u00e4lligt min &#8221;butik&#8221; till Br\u00e5landa Galleria. Det var ett roligt \u00e5r som innebar m\u00e5nga nya ansikten och en del f\u00f6rs\u00e4ljning. Men jag valde \u00e4nd\u00e5 att flytta hem igen. <\/p>\n","protected":false},"excerpt":{"rendered":"<p>Jag b\u00f6rjade v\u00e4va 2012. Min mamma hade v\u00e4vt i n\u00e5gra \u00e5r men var tvungen att sluta pga sjukdom. V\u00e4vstolen stod med n\u00e5gra meter varp kvar&hellip;<\/p>\n","protected":false},"author":2,"featured_media":0,"parent":0,"menu_order":0,"comment_status":"closed","ping_status":"closed","template":"","meta":{"ngg_post_thumbnail":0,"footnotes":""},"class_list":["post-159","page","type-page","status-publish","hentry"],"_links":{"self":[{"href":"https:\/\/www.vavpigan.se\/index.php\/wp-json\/wp\/v2\/pages\/159","targetHints":{"allow":["GET"]}}],"collection":[{"href":"https:\/\/www.vavpigan.se\/index.php\/wp-json\/wp\/v2\/pages"}],"about":[{"href":"https:\/\/www.vavpigan.se\/index.php\/wp-json\/wp\/v2\/types\/page"}],"author":[{"embeddable":true,"href":"https:\/\/www.vavpigan.se\/index.php\/wp-json\/wp\/v2\/users\/2"}],"replies":[{"embeddable":true,"href":"https:\/\/www.vavpigan.se\/index.php\/wp-json\/wp\/v2\/comments?post=159"}],"version-history":[{"count":25,"href":"https:\/\/www.vavpigan.se\/index.php\/wp-json\/wp\/v2\/pages\/159\/revisions"}],"predecessor-version":[{"id":4398,"href":"https:\/\/www.vavpigan.se\/index.php\/wp-json\/wp\/v2\/pages\/159\/revisions\/4398"}],"wp:attachment":[{"href":"https:\/\/www.vavpigan.se\/index.php\/wp-json\/wp\/v2\/media?parent=159"}],"curies":[{"name":"wp","href":"https:\/\/api.w.org\/{rel}","templated":true}]}}